{"id":913,"date":"2020-05-29T10:17:39","date_gmt":"2020-05-29T08:17:39","guid":{"rendered":"https:\/\/iotecheg.com\/?post_type=product&#038;p=913"},"modified":"2021-09-19T12:39:43","modified_gmt":"2021-09-19T10:39:43","slug":"zkteco-mb20","status":"publish","type":"product","link":"https:\/\/iotecheg.com\/ar\/product\/zkteco-mb20\/","title":{"rendered":"ZKTeco MB20"},"content":{"rendered":"<p style=\"direction: rtl; text-align: center;\">\u062c\u0647\u0627\u0632 \u0627\u0644\u0628\u0635\u0645\u0629 <a href=\"https:\/\/iotecheg.com\/ar\/time-attendance-systems\/\">\u0644\u0644\u062d\u0636\u0648\u0631 \u0648\u0627\u0644\u0627\u0646\u0635\u0631\u0627\u0641<\/a> ZKTeco MB20 \u064a\u0642\u0648\u0645 \u0628\u0627\u0644\u062a\u0639\u0631\u0641 \u0639\u0644\u064a \u0627\u0644\u0645\u0648\u0638\u0641\u064a\u0646 \u0639\u0646 \u0637\u0631\u064a\u0642 \u0628\u0635\u0645\u0629 \u0627\u0644\u0648\u062c\u0647 \u0648\u0627\u0644\u0627\u0635\u0628\u0639 \u0648\u0627\u0644\u0643\u0631\u0648\u062a \u0627\u0644\u0645\u0645\u063a\u0646\u0637\u0629. \u0643\u0645\u0627 \u064a\u062a\u0645 \u0631\u0628\u0637\u0647 \u0628\u0628\u0631\u0646\u0627\u0645\u062c \u0645\u062c\u0627\u0646\u064a \u064a\u0645\u0643\u0646\u0643 \u0645\u0646 \u0627\u0644\u062d\u0635\u0648\u0644 \u0639\u0644\u064a 11 \u0646\u0648\u0639 \u0645\u062e\u062a\u0644\u0641 \u0645\u0646 \u0627\u0644\u062a\u0642\u0627\u0631\u064a\u0631 \u0627\u0644\u062a\u064a \u062a\u062d\u062a\u0627\u062c\u0647\u0627 \u0644\u0644\u0633\u064a\u0637\u0631\u0629 \u0639\u0644\u064a \u0645\u0648\u0627\u0639\u064a\u062f \u0627\u0644\u062d\u0636\u0648\u0631 \u0648\u0627\u0644\u0627\u0646\u0635\u0631\u0627\u0641 \u062f\u0627\u062e\u0644 \u0627\u0644\u0645\u0646\u0634\u0623\u0629 \u0648\u0627\u0644\u062a\u064a \u062a\u0645\u0643\u0646\u0643 \u0645\u0646 \u062d\u0633\u0627\u0628 \u0645\u0631\u062a\u0628\u0627\u062a \u0627\u0644\u0645\u0648\u0638\u0641\u064a\u0646 \u0628\u0633\u0647\u0648\u0644\u0629 \u062a\u0627\u0645\u0629.<\/p>\n<h4 style=\"direction: rtl;\"><span style=\"font-size: 18pt; color: #000000;\"><strong>\u0627\u0644\u0645\u0645\u064a\u0632\u0627\u062a \u0627\u0644\u0639\u0627\u0645\u0629 \u0644\u0644\u062c\u0647\u0627\u0632 :\u00a0<\/strong><\/span><\/h4>\n<ul>\n<li style=\"direction: rtl; text-align: right;\"><span style=\"color: #000000;\"><span style=\"font-size: 18.6667px;\">\u064a\u0639\u0645\u0644 \u062c\u0647\u0627\u0632 \u0627\u0644\u062d\u0636\u0648\u0631 \u0648\u0627\u0644\u0627\u0646\u0635\u0631\u0627\u0641 \u0628\u0627\u0643\u062b\u0631 \u0645\u0646 \u0637\u0631\u064a\u0642\u0629 \u0644\u0644\u062a\u0639\u0631\u0641 \u0639\u0644\u064a \u0627\u0644\u0634\u062e\u0635 ( \u0628\u0635\u0645\u0629 \u0648\u062c\u0647 &#8211; \u0628\u0635\u0645\u0629 \u0627\u0635\u0628\u0639 &#8211; \u0643\u0627\u0631\u062a &#8211; \u0643\u0644\u0645\u0629 \u0633\u0631)<\/span><\/span><\/li>\n<li style=\"direction: rtl; text-align: right;\"><span style=\"font-size: 14pt; color: #000000;\">200 \u0628\u0635\u0645\u0629 \u0648\u062c\u0647 &#8211; 500 \u0628\u0635\u0645\u0629\u0627\u0635\u0628\u0639 &#8211; 50,000 \u062d\u0631\u0643\u0629 \u062a\u0648\u0642\u064a\u0639<\/span><\/li>\n<li style=\"direction: rtl; text-align: right;\"><span style=\"font-size: 14pt; color: #000000;\">\u0627\u0644\u062a\u0648\u0635\u064a\u0644 \u0639\u0646 \u0637\u0631\u064a\u0642 \u0627\u0644\u0634\u0628\u0643\u0629 \u0627\u0648 \u0627\u0644\u0641\u0644\u0627\u0634\u0629<\/span><\/li>\n<\/ul>\n<h4 style=\"text-align: right;\"><span style=\"font-size: 18pt;\"><strong>\u0627\u0644\u0645\u0648\u0627\u0635\u0641\u0627\u062a<\/strong><\/span><\/h4>\n<table class=\"responsive\" style=\"width: 93%; height: 351px;\">\n<tbody>\n<tr style=\"height: 27px;\">\n<td style=\"width: 29.2781%; height: 27px;\"><strong><span style=\"font-size: 14pt; color: #000000;\">Face\u00a0 Template<\/span><\/strong><\/td>\n<td style=\"width: 69.6524%; height: 27px;\">200<\/td>\n<\/tr>\n<tr style=\"height: 27px;\">\n<td style=\"height: 27px; width: 29.2781%;\"><strong><span style=\"font-size: 14pt; color: #000000;\">Fingerprint Template<\/span><\/strong><\/td>\n<td style=\"height: 27px; width: 69.6524%;\"><span style=\"font-size: 14pt; color: #000000;\">500<\/span><\/td>\n<\/tr>\n<tr style=\"height: 27px;\">\n<td style=\"height: 27px; width: 29.2781%;\"><strong><span style=\"font-size: 14pt; color: #000000;\">\u00a0ID\u00a0Card\u00a0Capacity<\/span><\/strong><\/td>\n<td style=\"height: 27px; width: 69.6524%;\"><span style=\"font-size: 14pt; color: #000000;\">1000<\/span><\/td>\n<\/tr>\n<tr style=\"height: 27px;\">\n<td style=\"height: 27px; width: 29.2781%;\"><strong><span style=\"font-size: 14pt; color: #000000;\">Record\u00a0Capacity<\/span><\/strong><\/td>\n<td style=\"height: 27px; width: 69.6524%;\"><span style=\"font-size: 14pt; color: #000000;\">50,000<\/span><\/td>\n<\/tr>\n<tr style=\"height: 27px;\">\n<td style=\"height: 27px; width: 29.2781%;\"><strong><span style=\"font-size: 14pt; color: #000000;\">Display<\/span><\/strong><\/td>\n<td style=\"height: 27px; width: 69.6524%;\"><span style=\"font-size: 14pt; color: #000000;\">2.8 color Screen<\/span><\/td>\n<\/tr>\n<tr style=\"height: 27px;\">\n<td style=\"height: 27px; width: 29.2781%;\"><strong><span style=\"font-size: 14pt; color: #000000;\">Communication<\/span><\/strong><\/td>\n<td style=\"height: 27px; width: 69.6524%;\"><span style=\"font-size: 14pt; color: #000000;\">TCP\/IP\u00a0,\u00a0USB-host<\/span><\/td>\n<\/tr>\n<tr style=\"height: 54px;\">\n<td style=\"height: 54px; width: 29.2781%;\"><strong><span style=\"font-size: 14pt; color: #000000;\">Standard\u00a0Functions<\/span><\/strong><\/td>\n<td style=\"height: 54px; width: 69.6524%;\"><span style=\"font-size: 14pt;\">Automatic Status Switch, Self-Service Query, T9 Input, 9 Digit User ID, Scheduled Bell<\/span><\/td>\n<\/tr>\n<tr style=\"height: 27px;\">\n<td style=\"height: 27px; width: 29.2781%;\"><strong><span style=\"font-size: 14pt; color: #000000;\">Power\u00a0Supply<\/span><\/strong><\/td>\n<td style=\"height: 27px; width: 69.6524%;\"><span style=\"font-size: 14pt; color: #000000;\">DC5V 0.8A<\/span><\/td>\n<\/tr>\n<tr style=\"height: 27px;\">\n<td style=\"height: 27px; width: 29.2781%;\"><strong><span style=\"font-size: 14pt; color: #000000;\">Operating\u00a0Temperature<\/span><\/strong><\/td>\n<td style=\"height: 27px; width: 69.6524%;\"><span style=\"font-size: 14pt; color: #000000;\">0-45\u00a0\u00b0C<\/span><\/td>\n<\/tr>\n<tr style=\"height: 27px;\">\n<td style=\"height: 27px; width: 29.2781%;\"><strong><span style=\"font-size: 14pt; color: #000000;\">Operating\u00a0Humidity<\/span><\/strong><\/td>\n<td style=\"height: 27px; width: 69.6524%;\"><span style=\"font-size: 14pt; color: #000000;\">20%-80%<\/span><\/td>\n<\/tr>\n<tr style=\"height: 27px;\">\n<td style=\"height: 27px; width: 29.2781%;\"><strong><span style=\"font-size: 14pt; color: #000000;\">Dimensions<\/span><\/strong><\/td>\n<td style=\"height: 27px; width: 69.6524%;\"><span style=\"font-size: 14pt; color: #000000;\">161\u00d7152\u00d730.5mm (Length\u00d7Width\u00d7Thickness)<\/span><\/td>\n<\/tr>\n<\/tbody>\n<\/table>\n<h3 style=\"direction: rtl;\"><strong>\u0641\u0643\u0631\u0629 \u0639\u0627\u0645\u0647 \u0639\u0646 \u0627\u0646\u0638\u0645\u0629 \u0627\u0644\u062d\u0636\u0648\u0631 \u0648 \u0627\u0644\u0627\u0646\u0635\u0631\u0627\u0641 :<\/strong><\/h3>\n<p style=\"direction: rtl; text-align: justify;\">\u062c\u0647\u0627\u0632 \u0627\u0644\u062d\u0636\u0648\u0631 \u0648\u0627\u0644\u0627\u0646\u0635\u0631\u0627\u0641 \u0627\u0648 \u062c\u0647\u0627\u0632 \u0627\u0644\u0628\u0635\u0645\u0629 \u0643\u0645\u0627 \u0647\u0648 \u0645\u062a\u0639\u0627\u0631\u0641 \u0639\u0644\u064a\u0647 \u0647\u0648 \u062c\u0647\u0627\u0632 \u064a\u0633\u0627\u0639\u062f \u0635\u0627\u062d\u0628 \u0627\u0644\u0639\u0645\u0644 \u0641\u0649 \u062a\u0637\u0628\u064a\u0642 \u0627\u0639\u0644\u0649 \u0645\u0633\u062a\u0648\u0649 \u0645\u0646 \u0627\u0644\u062a\u0632\u0627\u0645 \u0627\u0644\u0645\u0648\u0638\u0641\u064a\u0646\u00a0 \u0628\u0627\u0644\u0645\u0648\u0627\u0639\u064a\u062f \u062f\u0627\u062e\u0644 \u0627\u0644\u0645\u0624\u0633\u0633\u0629 \u0639\u0646 \u0637\u0631\u064a\u0642 \u062a\u0633\u062c\u064a\u0644 \u0627\u0644\u0645\u0648\u0638\u0641 \u0644\u0628\u0635\u0645\u0629 \u0627\u0635\u0628\u0639\u0647 \u0627\u0648 \u0648\u062c\u0647\u0647 \u0627\u0648 \u0643\u0627\u0631\u062a \u0627\u0648 \u0631\u0642\u0645 \u0633\u0631\u064a \u00a0\u0641\u0649 \u0645\u064a\u0639\u0627\u062f \u0627\u0644\u062d\u0636\u0648\u0631 \u0627\u0644\u0645\u062d\u062f\u062f \u0644\u0647 \u0645\u0646 \u0642\u0628\u0644 \u0627\u062f\u0627\u0631\u0629 \u0627\u0644\u0634\u0631\u0643\u0629 \u0627\u0644\u062a\u0649 \u064a\u0639\u0645\u0644 \u0628\u0647\u0627 \u0648\u0643\u0630\u0644\u0643 \u062a\u0633\u062c\u064a\u0644\u0647 \u0644\u0644\u0627\u0646\u0635\u0631\u0627\u0641 \u0641\u0649 \u0645\u064a\u0639\u0627\u062f\u0647 \u0627\u0644\u0645\u062d\u062f\u062f \u0643\u0644 \u0647\u0630\u0627 \u064a\u0645\u0643\u0646 \u0645\u062a\u0627\u0628\u0639\u062a\u0647 \u0645\u0646 \u0627\u0649 \u0645\u0643\u0627\u0646 \u0639\u0646 \u0637\u0631\u064a\u0642 \u0627\u0644\u0628\u0631\u0646\u0627\u0645\u062c \u0627\u0644\u062e\u0627\u0635 \u0628\u0627\u0644\u062c\u0647\u0627\u0632 \u064a\u062a\u0645 \u062a\u063a\u0630\u064a\u062a\u0647 \u0628\u0643\u0644 \u0647\u0630\u0647 \u0627\u0644\u0645\u0639\u0644\u0648\u0645\u0627\u062a \u0642\u0628\u0644 \u0628\u062f\u0623 \u0627\u0644\u0639\u0645\u0644 \u0628\u0627\u0644\u062c\u0647\u0627\u0632 \u0648\u0628\u0646\u0627\u0621\u0627 \u0639\u0644\u064a\u0647\u0627 \u0646\u062a\u0645\u0643\u0646 \u0645\u0646 \u00a0\u0627\u0633\u062a\u062e\u0631\u0627\u062c \u0627\u0643\u062b\u0631 \u0645\u0646 \u0646\u0648\u0639 \u0645\u0646 \u0627\u0644\u062a\u0642\u0627\u0631\u064a\u0631 \u0627\u0644\u062f\u0642\u064a\u0642\u0629 \u00a0\u0639\u0646 \u0648\u0642\u062a \u0639\u0645\u0644 \u0627\u0644\u0645\u0648\u0638\u0641 \u0648\u0627\u062c\u0645\u0627\u0644\u0649 \u062a\u0623\u062e\u064a\u0631\u0627\u062a\u0647 \u0648\u0648\u0642\u062a \u062f\u062e\u0648\u0644\u0647 \u0648\u062e\u0631\u0648\u062c\u0647 \u0645\u0646 \u0627\u0644\u0645\u0643\u0627\u0646.<\/p>\n<p style=\"direction: rtl; text-align: justify;\">\u062a\u0646\u0642\u0633\u0645 \u0627\u062c\u0647\u0632\u0629 \u0627\u0644\u062d\u0636\u0648\u0631 \u0648\u0627\u0644\u0627\u0646\u0635\u0631\u0627\u0641 \u0627\u0644\u0649 \u0627\u0646\u0648\u0627\u0639 \u0645\u0646 \u062d\u064a\u062b \u0646\u0648\u0639 \u0627\u0644\u0628\u0635\u0645\u0629 \u0641\u0645\u0646\u0647\u0627 \u0628\u0635\u0645\u0629 \u0627\u0644\u0627\u0635\u0628\u0639 \u0648\u0645\u0646\u0647\u0627 \u0628\u0635\u0645\u0629 \u0627\u0644\u0643\u0627\u0631\u062a \u0627\u0644\u0645\u0645\u063a\u0646\u0637\u00a0 \u0648\u0627\u0644\u0648\u062c\u0647 \u0648\u0627\u0644\u0643\u0641 \u0648\u0627\u062e\u064a\u0631\u0627 \u0628\u0635\u0645\u0629 \u0627\u0644\u0634\u0631\u0627\u064a\u064a\u0646 \u0648\u0643\u0644 \u0647\u0630\u0647 \u0627\u0644\u0645\u062d\u0627\u0648\u0644\u0627\u062a \u0645\u0646 \u0627\u062c\u0644 \u062a\u0642\u0644\u064a\u0644 \u0646\u0633\u0628\u0629 \u0627\u0644\u062e\u0637\u0623 \u0627\u0648 \u0627\u0644\u062a\u0644\u0627\u0639\u0628 \u0641\u0645\u062b\u0644\u0627 \u062a\u0645 \u0639\u0645\u0644 \u0627\u062c\u0647\u0632\u0629 \u062a\u0639\u0645\u0644 \u0628\u0628\u0635\u0645\u0629 \u0627\u0644\u0648\u062c\u0647 \u0648\u062f\u0627\u062e\u0644\u0647\u0627 2 \u0643\u0627\u0645\u064a\u0631\u0627 \u0648\u0627\u062d\u062f\u0647 \u0644\u0627\u062e\u0630 \u0635\u0648\u0631\u0629 \u0633\u0637\u062d\u064a\u0629 \u0644\u0644\u0634\u062e\u0635 \u0648\u0627\u0644\u0627\u062e\u0631\u0649 \u0644\u0627\u0644\u062a\u0642\u0627\u0637 \u0627\u0628\u0639\u0627\u062f \u0648\u062c\u0647 \u0627\u0644\u0627\u0646\u0633\u0627\u0646 \u062d\u062a\u0649 \u0648\u0627\u0646 \u0643\u0627\u0646 \u064a\u0631\u062a\u062f\u0649 \u0646\u0638\u0627\u0631\u0629.<\/p>\n<p style=\"direction: rtl; text-align: justify;\">\u0627\u0645\u0627 \u0627\u0644\u0627\u062e\u062a\u0644\u0627\u0641\u0627\u062a \u0627\u0644\u0627\u062e\u0631\u0649 \u0641\u0647\u0648 \u0641\u0649 \u0639\u062f\u062f \u0627\u0644\u0628\u0635\u0645\u0627\u062a \u0627\u0644\u0645\u0633\u062c\u0644\u0629 \u0639\u0644\u0649 \u0643\u0644 \u0645\u0648\u062f\u064a\u0644 \u0627\u0648 \u0642\u062f\u0631\u0629 \u062a\u062d\u0645\u0644 \u0627\u0644\u0639\u0648\u0627\u0645\u0644 \u0627\u0644\u062c\u0648\u064a\u0629 \u0641\u0645\u0646\u0647\u0627 \u0645\u0627 \u064a\u062a\u062d\u0645\u0644 \u0627\u0644\u0645\u0637\u0631 \u0648\u0627\u0644\u0627\u062a\u0631\u0628\u0629 \u0648\u0645\u0646\u0647\u0627 \u0645\u0627 \u064a\u0644\u0632\u0645 \u0627\u0646 \u064a\u0648\u0636\u0639 \u0641\u0649 \u0645\u0643\u0627\u0646 \u062f\u0627\u062e\u0644\u064a \u00a0\u0628\u0639\u064a\u062f\u0627 \u0639\u0646 \u0647\u0630\u0647 \u0627\u0644\u0638\u0631\u0648\u0641 \u0627\u0644\u062c\u0648\u064a\u0629 \u0644\u062a\u0623\u062f\u064a\u0629 \u0639\u0645\u0644\u0647 \u0628\u0643\u0641\u0627\u0621\u0629 \u0639\u0627\u0644\u064a\u0629<\/p>\n<p style=\"direction: rtl; text-align: justify;\">\u0643\u0645\u0627 \u0627\u0646\u0647 \u062a\u0645 \u0627\u0635\u062f\u0627\u0631 \u0627\u062c\u0647\u0632\u0629 \u062a\u0639\u0645\u0644 \u0639\u0644\u0649 \u0642\u064a\u0627\u0633 \u062f\u0631\u062c\u0629 \u0627\u0644\u062d\u0631\u0627\u0631\u0629 \u0648\u0642\u062a \u062a\u0633\u062c\u064a\u0644 \u0627\u0644\u0628\u0635\u0645\u0629 \u0648\u0647\u0630\u0627 \u0644\u0645\u0648\u0627\u0643\u0628\u0629 \u0627\u0632\u0645\u0629 \u0627\u0644\u0643\u0648\u0631\u0648\u0646\u0627 \u0627\u0644\u0639\u0627\u0644\u0645\u064a\u0629 \u0648\u0627\u0644\u062d\u062f \u0645\u0646 \u062a\u0641\u0634\u064a\u0647 \u0641\u0649 \u0627\u0645\u0627\u0643\u0646 \u0627\u0644\u0639\u0645\u0644 \u0643\u0630\u0644\u0643 \u062a\u062e\u062a\u0644\u0641 \u0637\u0631\u0642 \u0633\u062d\u0628 \u0627\u0644\u0628\u064a\u0627\u0646\u0627\u062a \u0645\u0646 \u0641\u0644\u0627\u0634\u0629 \u0627\u0648 \u0639\u0646 \u0637\u0631\u064a\u0642 \u0627\u0644\u0634\u0628\u0643\u0629 \u0627\u0644\u062f\u0627\u062e\u0644\u064a\u0629 \u0627\u0648 Wi-Fi \u0627\u0648 3G.<\/p>","protected":false},"excerpt":{"rendered":"<p style=\"direction: rtl;\">\u00a0\u062c\u0647\u0627\u0632 \u0627\u0644\u062d\u0636\u0648\u0631 \u0648\u0627\u0644\u0627\u0646\u0635\u0631\u0627\u0641 ZKTeco MB20 \u064a\u0639\u0645\u0644 \u0628\u0628\u0635\u0645\u0629 \u0627\u0644\u0648\u062c\u0647 \u0648 \u0628\u0635\u0645\u0629 \u0627\u0644\u0627\u0635\u0628\u0639 \u0648 \u0627\u0644\u0643\u0627\u0631\u062a \u0648 \u0643\u0644\u0645\u0629 \u0627\u0644\u0633\u0631. 200 \u0628\u0635\u0645\u0629 \u0648\u062c\u0647 \u0648 500 \u0628\u0635\u0645\u0629 \u0627\u0635\u0628\u0639 \u0648 1000 \u0643\u0627\u0631\u062a.<br \/>\n\u0648\u0627\u062d\u062f \u0645\u0646 \u0627\u062d\u0630\u062b \u0627\u062c\u0647\u0632\u0629 ZKTeco \u0628\u062a\u0643\u0646\u0648\u0644\u0648\u062c\u064a\u0627 \u0627\u0644\u062a\u0639\u0631\u0641 \u0639\u0644\u064a \u0627\u0644\u0648\u062c\u0648\u0647 \u0627\u0644\u062d\u062f\u064a\u062b\u0647\u060c \u062a\u0642\u062f\u0645 \u0648\u0627\u062c\u0647\u0629 \u0645\u0633\u062a\u062e\u062f\u0645 \u062c\u062f\u064a\u062f\u0629 \u062a\u0645\u0627\u0645\u064b\u0627 \u0648\u0648\u0627\u062c\u0647\u0629 \u062a\u0634\u063a\u064a\u0644 \u0633\u0647\u0644\u0629 \u0627\u0644\u0627\u0633\u062a\u062e\u062f\u0627\u0645 \u0644\u062a\u0648\u0641\u064a\u0631 \u062a\u062c\u0631\u0628\u0629 \u0633\u0647\u0644\u0647 \u0644\u0644\u0645\u0633\u062a\u062e\u062f\u0645.<br \/>\n\u0645\u0646\u0627\u0633\u0628 \u0644\u0644\u0634\u0631\u0643\u0627\u062a \u0648\u0627\u0644\u0645\u0635\u0627\u0646\u0639.<\/p>","protected":false},"featured_media":915,"template":"","meta":{"om_disable_all_campaigns":false,"_mi_skip_tracking":false,"_monsterinsights_sitenote_active":false,"_monsterinsights_sitenote_note":"","_monsterinsights_sitenote_category":0},"product_cat":[17,868,1024],"product_tag":[],"yst_prominent_words":[396,426,303,300,394,301,353,382,387,424,423,380,395,364,379,372,393,425,392,304],"aioseo_notices":[],"_links":{"self":[{"href":"https:\/\/iotecheg.com\/ar\/wp-json\/wp\/v2\/product\/913"}],"collection":[{"href":"https:\/\/iotecheg.com\/ar\/wp-json\/wp\/v2\/product"}],"about":[{"href":"https:\/\/iotecheg.com\/ar\/wp-json\/wp\/v2\/types\/product"}],"wp:featuredmedia":[{"embeddable":true,"href":"https:\/\/iotecheg.com\/ar\/wp-json\/wp\/v2\/media\/915"}],"wp:attachment":[{"href":"https:\/\/iotecheg.com\/ar\/wp-json\/wp\/v2\/media?parent=913"}],"wp:term":[{"taxonomy":"product_cat","embeddable":true,"href":"https:\/\/iotecheg.com\/ar\/wp-json\/wp\/v2\/product_cat?post=913"},{"taxonomy":"product_tag","embeddable":true,"href":"https:\/\/iotecheg.com\/ar\/wp-json\/wp\/v2\/product_tag?post=913"},{"taxonomy":"yst_prominent_words","embeddable":true,"href":"https:\/\/iotecheg.com\/ar\/wp-json\/wp\/v2\/yst_prominent_words?post=913"}],"curies":[{"name":"wp","href":"https:\/\/api.w.org\/{rel}","templated":true}]}}